{"id":9,"date":"2018-06-28T14:07:01","date_gmt":"2018-06-28T14:07:01","guid":{"rendered":"http:\/\/cofir.com.br\/site\/?page_id=9"},"modified":"2020-09-29T10:15:40","modified_gmt":"2020-09-29T13:15:40","slug":"quem-somos","status":"publish","type":"page","link":"http:\/\/cofir.com.br\/site\/quem-somos\/","title":{"rendered":"Quem somos"},"content":{"rendered":"<h4>Em 1993, Dr. Carlos Sant Anna, ortopedista especialista em ombro e cotovelo, realizou um sonho em montar um servi\u00e7o somente voltado para a \u00e1rea de ortopedia e traumatologia. Nascia assim a Cl\u00ednica Cofir que hoje \u00e9 uma institui\u00e7\u00e3o que presta um servi\u00e7o de excel\u00eancia com m\u00e9dicos renomados.<\/h4>\n<h4>A Cl\u00ednica Cofir oferece servi\u00e7os de consultas m\u00e9dicas ortop\u00e9dicas nas sub-especialidades de ombro e cotovelo, joelho, coluna,\u00a0<b>m\u00e3o, p\u00e9 e tornozelo e quadril.<\/b><\/h4>\n","protected":false},"excerpt":{"rendered":"<p>Em 1993, Dr. Carlos Sant Anna, ortopedista especialista em ombro e cotovelo, realizou um sonho em montar um servi\u00e7o somente voltado para a \u00e1rea de ortopedia e traumatologia. Nascia assim a Cl\u00ednica Cofir que hoje \u00e9 uma institui\u00e7\u00e3o que presta um servi\u00e7o de excel\u00eancia com m\u00e9dicos renomados. A Cl\u00ednica Cofir oferece servi\u00e7os de consultas m\u00e9dicas [&hellip;]<\/p>\n","protected":false},"author":1,"featured_media":0,"parent":0,"menu_order":0,"comment_status":"closed","ping_status":"closed","template":"","meta":{"footnotes":""},"class_list":["post-9","page","type-page","status-publish","hentry"],"_links":{"self":[{"href":"http:\/\/cofir.com.br\/site\/wp-json\/wp\/v2\/pages\/9","targetHints":{"allow":["GET"]}}],"collection":[{"href":"http:\/\/cofir.com.br\/site\/wp-json\/wp\/v2\/pages"}],"about":[{"href":"http:\/\/cofir.com.br\/site\/wp-json\/wp\/v2\/types\/page"}],"author":[{"embeddable":true,"href":"http:\/\/cofir.com.br\/site\/wp-json\/wp\/v2\/users\/1"}],"replies":[{"embeddable":true,"href":"http:\/\/cofir.com.br\/site\/wp-json\/wp\/v2\/comments?post=9"}],"version-history":[{"count":7,"href":"http:\/\/cofir.com.br\/site\/wp-json\/wp\/v2\/pages\/9\/revisions"}],"predecessor-version":[{"id":424,"href":"http:\/\/cofir.com.br\/site\/wp-json\/wp\/v2\/pages\/9\/revisions\/424"}],"wp:attachment":[{"href":"http:\/\/cofir.com.br\/site\/wp-json\/wp\/v2\/media?parent=9"}],"curies":[{"name":"wp","href":"https:\/\/api.w.org\/{rel}","templated":true}]}}